{"id":744,"date":"2022-06-21T11:34:10","date_gmt":"2022-06-21T09:34:10","guid":{"rendered":"http:\/\/lingg.test\/?page_id=744"},"modified":"2022-09-22T16:34:37","modified_gmt":"2022-09-22T14:34:37","slug":"ueber-uns","status":"publish","type":"page","link":"https:\/\/www.lingg-security.com\/?page_id=744","title":{"rendered":"\u00dcber uns"},"content":{"rendered":"<div data-colibri-id=\"744-c1\" class=\"style-845 style-local-744-c1 position-relative\">\n  <!---->\n  <div data-colibri-component=\"section\" data-colibri-id=\"744-c2\" id=\"features\" class=\"h-section h-section-global-spacing d-flex align-items-lg-center align-items-md-center align-items-center style-895 style-local-744-c2 position-relative\">\n    <!---->\n    <!---->\n    <div class=\"h-section-grid-container h-section-boxed-container\">\n      <div data-colibri-id=\"744-c29\" class=\"h-row-container gutters-row-lg-2 gutters-row-md-2 gutters-row-0 gutters-row-v-lg-2 gutters-row-v-md-2 gutters-row-v-2 style-905 style-local-744-c29 position-relative\">\n        <!---->\n        <div class=\"h-row justify-content-lg-center justify-content-md-center justify-content-center align-items-lg-stretch align-items-md-stretch align-items-stretch gutters-col-lg-2 gutters-col-md-2 gutters-col-0 gutters-col-v-lg-2 gutters-col-v-md-2 gutters-col-v-2\">\n          <!---->\n          <div class=\"h-column h-column-container d-flex h-col-lg-auto h-col-md-auto h-col-auto style-906-outer style-local-744-c30-outer\">\n            <div data-colibri-id=\"744-c30\" class=\"d-flex h-flex-basis h-column__inner h-px-lg-2 h-px-md-2 h-px-2 v-inner-lg-2 v-inner-md-2 v-inner-2 style-906 style-local-744-c30 position-relative\">\n              <!---->\n              <!---->\n              <div class=\"w-100 h-y-container h-column__content h-column__v-align flex-basis-100 align-self-lg-start align-self-md-start align-self-start\">\n                <!---->\n                <div data-colibri-id=\"744-c31\" class=\"h-global-transition-all h-heading style-907 style-local-744-c31 position-relative h-element\">\n                  <!---->\n                  <div class=\"h-heading__outer style-907 style-local-744-c31\">\n                    <!---->\n                    <!---->\n                    <h2 class=\"\"><span style=\"font-size: 85%;\">Lingg Sicherheitsdienst \u2013 \u00fcber uns:<\/span><\/h2>\n                  <\/div>\n                <\/div>\n              <\/div>\n            <\/div>\n          <\/div>\n        <\/div>\n      <\/div>\n      <div data-colibri-id=\"744-c3\" class=\"h-row-container gutters-row-lg-2 gutters-row-md-2 gutters-row-0 gutters-row-v-lg-2 gutters-row-v-md-2 gutters-row-v-2 style-910 style-local-744-c3 position-relative\">\n        <!---->\n        <div class=\"h-row justify-content-lg-center justify-content-md-center justify-content-center align-items-lg-stretch align-items-md-stretch align-items-stretch gutters-col-lg-2 gutters-col-md-2 gutters-col-0 gutters-col-v-lg-2 gutters-col-v-md-2 gutters-col-v-2\">\n          <!---->\n          <div class=\"h-column h-column-container d-flex h-col-lg-auto h-col-md-auto h-col-auto style-911-outer style-local-744-c4-outer\">\n            <div data-colibri-id=\"744-c4\" class=\"d-flex h-flex-basis h-column__inner h-px-lg-2 h-px-md-2 h-px-2 v-inner-lg-2 v-inner-md-2 v-inner-2 style-911 style-local-744-c4 position-relative\">\n              <!---->\n              <!---->\n              <div class=\"w-100 h-y-container h-column__content h-column__v-align flex-basis-100 align-self-lg-start align-self-md-start align-self-start\">\n                <!---->\n                <div data-colibri-id=\"744-c5\" class=\"h-text h-text-component style-912 style-local-744-c5 position-relative h-element\">\n                  <!---->\n                  <!---->\n                  <div class=\"\">\n                    <p><span style=\"color: rgb(0, 0, 0); font-family: Roboto; font-size: 101%;\">Wir, das Team von Lingg Sicherheitsdienst, bieten Ihnen ma\u00dfgeschneiderte L\u00f6sungen f\u00fcr Ihr individuelles Sicherheitsbed\u00fcrfnis. Dank unserer hohen branchenspezifischen Kompetenz, die auf jahrzehntelanger Erfahrung und der hohen Professionalit\u00e4t unserer sorgf\u00e4ltig ausgew\u00e4hlten Mitarbeiter basiert, k\u00f6nnen wir unsere Kunden bestm\u00f6glich und allumfassend in folgenden anspruchsvollen Bereichen betreuen:<\/span><\/p>\n                  <\/div>\n                <\/div>\n              <\/div>\n            <\/div>\n          <\/div>\n        <\/div>\n      <\/div>\n      <div data-colibri-id=\"744-c6\" class=\"h-row-container gutters-row-lg-2 gutters-row-md-2 gutters-row-0 gutters-row-v-lg-2 gutters-row-v-md-2 gutters-row-v-2 style-896 style-local-744-c6 position-relative\">\n        <!---->\n        <div class=\"h-row justify-content-lg-center justify-content-md-center justify-content-center align-items-lg-stretch align-items-md-stretch align-items-stretch gutters-col-lg-2 gutters-col-md-2 gutters-col-0 gutters-col-v-lg-2 gutters-col-v-md-2 gutters-col-v-2\">\n          <!---->\n          <div class=\"h-column h-column-container d-flex h-col-lg-auto h-col-md-auto h-col-auto style-899-outer style-local-744-c7-outer\">\n            <div data-colibri-id=\"744-c7\" class=\"d-flex h-flex-basis h-column__inner h-px-lg-0 h-px-md-0 h-px-0 v-inner-lg-0 v-inner-md-0 v-inner-0 style-899 style-local-744-c7 position-relative\">\n              <!---->\n              <!---->\n              <div class=\"w-100 h-y-container h-column__content h-column__v-align flex-basis-100 align-self-lg-center align-self-md-center align-self-center\">\n                <!---->\n                <div data-colibri-id=\"744-c8\" class=\"h-row-container gutters-row-lg-2 gutters-row-md-0 gutters-row-2 gutters-row-v-lg-2 gutters-row-v-md-0 gutters-row-v-2 style-900 style-local-744-c8 position-relative\">\n                  <!---->\n                  <div class=\"h-row justify-content-lg-center justify-content-md-center justify-content-center align-items-lg-stretch align-items-md-stretch align-items-stretch gutters-col-lg-2 gutters-col-md-0 gutters-col-2 gutters-col-v-lg-2 gutters-col-v-md-0 gutters-col-v-2\">\n                    <!---->\n                    <div class=\"h-column h-column-container d-flex h-col-lg-6 h-col-md-6 h-col-12 style-901-outer style-local-744-c9-outer\">\n                      <div data-colibri-id=\"744-c9\" class=\"d-flex h-flex-basis h-column__inner h-px-lg-0 h-px-md-2 h-px-2 v-inner-lg-0 v-inner-md-2 v-inner-2 style-901 style-local-744-c9 position-relative\">\n                        <!---->\n                        <!---->\n                        <div class=\"w-100 h-y-container h-column__content h-column__v-align flex-basis-100 align-self-lg-start align-self-md-start align-self-start\">\n                          <!---->\n                          <div data-colibri-id=\"744-c10\" class=\"h-icon style-902 style-local-744-c10 position-relative h-element\">\n                            <!----><span class=\"h-svg-icon h-icon__icon style-902-icon style-local-744-c10-icon\"><!--Icon by Font Awesome (https:\/\/fontawesome.com)--><svg version=\"1.1\" xmlns=\"http:\/\/www.w3.org\/2000\/svg\" xmlns:xlink=\"http:\/\/www.w3.org\/1999\/xlink\" id=\"group\" viewBox=\"0 0 1920 1896.0833\"><path d=\"M593 896q-162 5-265 128H194q-82 0-138-40.5T0 865q0-353 124-353 6 0 43.5 21t97.5 42.5T384 597q67 0 133-23-5 37-5 66 0 139 81 256zm1071 637q0 120-73 189.5t-194 69.5H523q-121 0-194-69.5T256 1533q0-53 3.5-103.5t14-109T300 1212t43-97.5 62-81 85.5-53.5T602 960q10 0 43 21.5t73 48 107 48 135 21.5 135-21.5 107-48 73-48 43-21.5q61 0 111.5 20t85.5 53.5 62 81 43 97.5 26.5 108.5 14 109 3.5 103.5zM640 256q0 106-75 181t-181 75-181-75-75-181 75-181T384 0t181 75 75 181zm704 384q0 159-112.5 271.5T960 1024 688.5 911.5 576 640t112.5-271.5T960 256t271.5 112.5T1344 640zm576 225q0 78-56 118.5t-138 40.5h-134q-103-123-265-128 81-117 81-256 0-29-5-66 66 23 133 23 59 0 119-21.5t97.5-42.5 43.5-21q124 0 124 353zm-128-609q0 106-75 181t-181 75-181-75-75-181 75-181 181-75 181 75 75 181z\"><\/path><\/svg><\/span><\/div>\n                          <div\n                            data-colibri-id=\"744-c11\" class=\"h-global-transition-all h-heading style-903 style-local-744-c11 position-relative h-element\">\n                            <!---->\n                            <div class=\"h-heading__outer style-903 style-local-744-c11\">\n                              <!---->\n                              <!---->\n                              <h4 class=\"\">Veranstaltungsschutz<\/h4>\n                            <\/div>\n                        <\/div>\n                        <div data-colibri-id=\"744-c12\" class=\"h-text h-text-component style-904 style-local-744-c12 position-relative h-element\">\n                          <!---->\n                          <!---->\n                          <div class=\"\"><\/div>\n                        <\/div>\n                      <\/div>\n                    <\/div>\n                  <\/div>\n                  <div class=\"h-column h-column-container d-flex h-col-lg-6 h-col-md-6 h-col-12 style-901-outer style-local-744-c13-outer\">\n                    <div data-colibri-id=\"744-c13\" class=\"d-flex h-flex-basis h-column__inner h-px-lg-0 h-px-md-2 h-px-2 v-inner-lg-0 v-inner-md-2 v-inner-2 style-901 style-local-744-c13 position-relative\">\n                      <!---->\n                      <!---->\n                      <div class=\"w-100 h-y-container h-column__content h-column__v-align flex-basis-100 align-self-lg-start align-self-md-start align-self-start\">\n                        <!---->\n                        <div data-colibri-id=\"744-c14\" class=\"h-icon style-902 style-local-744-c14 position-relative h-element\">\n                          <!----><span class=\"h-svg-icon h-icon__icon style-902-icon style-local-744-c14-icon\"><!--Icon by Font Awesome (https:\/\/fontawesome.com)--><svg version=\"1.1\" xmlns=\"http:\/\/www.w3.org\/2000\/svg\" xmlns:xlink=\"http:\/\/www.w3.org\/1999\/xlink\" id=\"road\" viewBox=\"0 0 1920 1896.0833\"><path d=\"M1111 996v-4l-24-320q-1-13-11-22.5t-23-9.5H867q-13 0-23 9.5T833 672l-24 320v4q-1 12 8 20t21 8h244q12 0 21-8t8-20zm759 467q0 73-46 73h-704q13 0 22-9.5t8-22.5l-20-256q-1-13-11-22.5t-23-9.5H824q-13 0-23 9.5t-11 22.5l-20 256q-1 13 8 22.5t22 9.5H96q-46 0-46-73 0-54 26-116L493 303q8-19 26-33t38-14h339q-13 0-23 9.5T862 288l-15 192q-1 14 8 23t22 9h166q13 0 22-9t8-23l-15-192q-1-13-11-22.5t-23-9.5h339q20 0 38 14t26 33l417 1044q26 62 26 116z\"><\/path><\/svg><\/span><\/div>\n                        <div\n                          data-colibri-id=\"744-c15\" class=\"h-global-transition-all h-heading style-903 style-local-744-c15 position-relative h-element\">\n                          <!---->\n                          <div class=\"h-heading__outer style-903 style-local-744-c15\">\n                            <!---->\n                            <!---->\n                            <h4 class=\"\">Stra\u00dfenaufsicht und Parkplatzbetreuung<\/h4>\n                          <\/div>\n                      <\/div>\n                      <div data-colibri-id=\"744-c16\" class=\"h-text h-text-component style-904 style-local-744-c16 position-relative h-element\">\n                        <!---->\n                        <!---->\n                        <div class=\"\"><\/div>\n                      <\/div>\n                    <\/div>\n                  <\/div>\n                <\/div>\n                <div class=\"h-column h-column-container d-flex h-col-lg-6 h-col-md-6 h-col-12 style-901-outer style-local-744-c17-outer\">\n                  <div data-colibri-id=\"744-c17\" class=\"d-flex h-flex-basis h-column__inner h-px-lg-0 h-px-md-2 h-px-2 v-inner-lg-0 v-inner-md-2 v-inner-2 style-901 style-local-744-c17 position-relative\">\n                    <!---->\n                    <!---->\n                    <div class=\"w-100 h-y-container h-column__content h-column__v-align flex-basis-100 align-self-lg-start align-self-md-start align-self-start\">\n                      <!---->\n                      <div data-colibri-id=\"744-c18\" class=\"h-icon style-902 style-local-744-c18 position-relative h-element\">\n                        <!----><span class=\"h-svg-icon h-icon__icon style-902-icon style-local-744-c18-icon\"><!--Icon by Font Awesome (https:\/\/fontawesome.com)--><svg version=\"1.1\" xmlns=\"http:\/\/www.w3.org\/2000\/svg\" xmlns:xlink=\"http:\/\/www.w3.org\/1999\/xlink\" id=\"search\" viewBox=\"0 0 1672.2646 1896.0833\"><path d=\"M1152 832q0-185-131.5-316.5T704 384 387.5 515.5 256 832t131.5 316.5T704 1280t316.5-131.5T1152 832zm512 832q0 52-38 90t-90 38q-54 0-90-38l-343-342q-179 124-399 124-143 0-273.5-55.5t-225-150-150-225T0 832t55.5-273.5 150-225 225-150T704 128t273.5 55.5 225 150 150 225T1408 832q0 220-124 399l343 343q37 37 37 90z\"><\/path><\/svg><\/span><\/div>\n                      <div\n                        data-colibri-id=\"744-c19\" class=\"h-global-transition-all h-heading style-903 style-local-744-c19 position-relative h-element\">\n                        <!---->\n                        <div class=\"h-heading__outer style-903 style-local-744-c19\">\n                          <!---->\n                          <!---->\n                          <h4 class=\"\">Kontrolldienste<\/h4>\n                        <\/div>\n                    <\/div>\n                  <\/div>\n                <\/div>\n              <\/div>\n            <\/div>\n          <\/div>\n        <\/div>\n      <\/div>\n    <\/div>\n    <div class=\"h-column h-column-container d-flex h-col-lg-auto h-col-md-auto h-col-auto style-897-outer style-local-744-c20-outer\">\n      <div data-colibri-id=\"744-c20\" class=\"d-flex h-flex-basis h-column__inner h-px-lg-2 h-px-md-2 h-px-2 v-inner-lg-2 v-inner-md-2 v-inner-2 style-897 style-local-744-c20 position-relative\">\n        <!---->\n        <!---->\n        <div class=\"w-100 h-y-container h-column__content h-column__v-align flex-basis-100 align-self-lg-center align-self-md-center align-self-center\">\n          <!---->\n          <div data-colibri-id=\"744-c21\" class=\"d-block style-1041 style-local-744-c21 position-relative h-element\">\n            <!---->\n            <div class=\"h-image__frame-container-outer\">\n              <div class=\"h-image__frame-container\">\n                <!---->\n                <!---->\n                <img loading=\"lazy\" decoding=\"async\" width=\"550\" height=\"524\" src=\"http:\/\/www.lingg-security.com\/wp-content\/uploads\/2022\/06\/LOGO-1.png\" class=\"wp-image-784 style-1041-image style-local-744-c21-image\" alt=\"\" srcset=\"https:\/\/www.lingg-security.com\/wp-content\/uploads\/2022\/06\/LOGO-1.png 550w, https:\/\/www.lingg-security.com\/wp-content\/uploads\/2022\/06\/LOGO-1-300x286.png 300w\" sizes=\"auto, (max-width: 550px) 100vw, 550px\" \/>\n                <div class=\"h-image__frame h-hide-lg h-hide-md h-hide-sm style-1041-frameImage style-local-744-c21-frameImage\"><\/div>\n              <\/div>\n            <\/div>\n          <\/div>\n        <\/div>\n      <\/div>\n    <\/div>\n  <\/div>\n<\/div>\n<div data-colibri-id=\"744-c22\" class=\"h-row-container gutters-row-lg-2 gutters-row-md-2 gutters-row-0 gutters-row-v-lg-2 gutters-row-v-md-2 gutters-row-v-2 style-913 style-local-744-c22 position-relative\">\n  <!---->\n  <div class=\"h-row justify-content-lg-center justify-content-md-center justify-content-center align-items-lg-stretch align-items-md-stretch align-items-stretch gutters-col-lg-2 gutters-col-md-2 gutters-col-0 gutters-col-v-lg-2 gutters-col-v-md-2 gutters-col-v-2\">\n    <!---->\n    <div class=\"h-column h-column-container d-flex h-col-lg-auto h-col-md-auto h-col-auto style-914-outer style-local-744-c23-outer\">\n      <div data-colibri-id=\"744-c23\" class=\"d-flex h-flex-basis h-column__inner h-px-lg-2 h-px-md-2 h-px-2 v-inner-lg-2 v-inner-md-2 v-inner-2 style-914 style-local-744-c23 position-relative\">\n        <!---->\n        <!---->\n        <div class=\"w-100 h-y-container h-column__content h-column__v-align flex-basis-100 align-self-lg-start align-self-md-start align-self-start\">\n          <!---->\n          <div data-colibri-id=\"744-c24\" class=\"h-text h-text-component style-915 style-local-744-c24 position-relative h-element\">\n            <!---->\n            <!---->\n            <div class=\"\">\n              <p><span style=\"font-size: 107%; font-family: Roboto; color: rgb(0, 0, 0);\">Gegr\u00fcndet wurde unser Unternehmen Lingg Sicherheitsdienste bereits im Jahre 1998. Dadurch konnten wir im Laufe der Zeit nicht nur eine Reihe wichtiger Erfahrungen sammeln, sondern auch unser Angebot immer weiter verfeinern, an neue Gegebenheiten anpassen und auf den jeweiligen Bedarf hin ausarbeiten.<\/span><\/p>\n            <\/div>\n          <\/div>\n        <\/div>\n      <\/div>\n    <\/div>\n  <\/div>\n<\/div>\n<div data-colibri-id=\"744-c25\" class=\"h-row-container gutters-row-lg-2 gutters-row-md-2 gutters-row-0 gutters-row-v-lg-2 gutters-row-v-md-2 gutters-row-v-2 style-919 style-local-744-c25 position-relative\">\n  <!---->\n  <div class=\"h-row justify-content-lg-center justify-content-md-center justify-content-center align-items-lg-stretch align-items-md-stretch align-items-stretch gutters-col-lg-2 gutters-col-md-2 gutters-col-0 gutters-col-v-lg-2 gutters-col-v-md-2 gutters-col-v-2\">\n    <!---->\n    <div class=\"h-column h-column-container d-flex h-col-lg-auto h-col-md-auto h-col-auto style-920-outer style-local-744-c26-outer\">\n      <div data-colibri-id=\"744-c26\" class=\"d-flex h-flex-basis h-column__inner h-px-lg-2 h-px-md-2 h-px-2 v-inner-lg-2 v-inner-md-2 v-inner-2 style-920 style-local-744-c26 position-relative\">\n        <!---->\n        <!---->\n        <div class=\"w-100 h-y-container h-column__content h-column__v-align flex-basis-100 align-self-lg-start align-self-md-start align-self-start\">\n          <!---->\n          <div data-colibri-id=\"744-c27\" class=\"h-global-transition-all h-heading style-921 style-local-744-c27 position-relative h-element\">\n            <!---->\n            <div class=\"h-heading__outer style-921 style-local-744-c27\">\n              <!---->\n              <!---->\n              <h2 class=\"\">Ihre Sicherheitsexperten vor Ort in Vorarlberg<\/h2>\n            <\/div>\n          <\/div>\n          <div data-colibri-id=\"744-c28\" class=\"h-text h-text-component style-922 style-local-744-c28 position-relative h-element\">\n            <!---->\n            <!---->\n            <div class=\"\">\n              <p>Mit unserem Firmenstandort in Dornbirn k\u00f6nnen wir s\u00e4mtliche m\u00f6gliche Einsatzorte innerhalb der Grenzen Vorarlbergs schnell erreichen. Somit sind wir im gesamten Bundesland Ihr erster Ansprechpartner rund um alle Fragen der Sicherheit. Inzwischen\n                k\u00f6nnen wir auf viele erfolgreiche Jahre zur\u00fcckblicken, was uns zu einem der gr\u00f6\u00dften Vorarlberger Unternehmen gemacht hat.<\/p>\n              <p>Daf\u00fcr ist selbstverst\u00e4ndlich auch unser bestens ausgebildetes, hoch motiviertes und engagiertes Team verantwortlich, das im Schnitt aus 60 bis 100 Mitarbeitern besteht.<\/p>\n              <p>\n                <br>\n              <\/p>\n            <\/div>\n          <\/div>\n        <\/div>\n      <\/div>\n    <\/div>\n  <\/div>\n<\/div>\n<\/div>\n<\/div>\n<div data-colibri-component=\"section\" data-colibri-id=\"744-c32\" id=\"custom\" class=\"h-section h-section-global-spacing d-flex align-items-lg-center align-items-md-center align-items-center style-916 style-local-744-c32 position-relative\">\n  <!---->\n  <!---->\n  <div class=\"h-section-grid-container h-section-boxed-container\">\n    <!---->\n    <div data-colibri-id=\"744-c33\" class=\"h-row-container gutters-row-lg-2 gutters-row-md-2 gutters-row-0 gutters-row-v-lg-2 gutters-row-v-md-2 gutters-row-v-2 style-917 style-local-744-c33 position-relative\">\n      <!---->\n      <div class=\"h-row justify-content-lg-center justify-content-md-center justify-content-center align-items-lg-stretch align-items-md-stretch align-items-stretch gutters-col-lg-2 gutters-col-md-2 gutters-col-0 gutters-col-v-lg-2 gutters-col-v-md-2 gutters-col-v-2\">\n        <!---->\n        <div class=\"h-column h-column-container d-flex h-col-lg-auto h-col-md-auto h-col-auto style-918-outer style-local-744-c34-outer\">\n          <div data-colibri-id=\"744-c34\" class=\"d-flex h-flex-basis h-column__inner h-px-lg-2 h-px-md-2 h-px-2 v-inner-lg-2 v-inner-md-2 v-inner-2 style-918 style-local-744-c34 position-relative\">\n            <!---->\n            <!---->\n            <div class=\"w-100 h-y-container h-column__content h-column__v-align flex-basis-100 align-self-lg-start align-self-md-start align-self-start\">\n              <!---->\n              <div data-colibri-id=\"744-c35\" class=\"d-block style-1039 style-local-744-c35 position-relative h-element\">\n                <!---->\n                <div class=\"h-image__frame-container-outer\">\n                  <div class=\"h-image__frame-container\">\n                    <!---->\n                    <!---->\n                    <img decoding=\"async\" src=\"http:\/\/www.lingg-security.com\/wp-content\/uploads\/2022\/06\/LOGO-1-300x286.png\" class=\"style-1039-image style-local-744-c35-image\">\n                    <div class=\"h-image__frame h-hide-lg h-hide-md h-hide-sm style-1039-frameImage style-local-744-c35-frameImage\"><\/div>\n                  <\/div>\n                <\/div>\n              <\/div>\n            <\/div>\n          <\/div>\n        <\/div>\n      <\/div>\n    <\/div>\n  <\/div>\n<\/div>\n<\/div>","protected":false},"excerpt":{"rendered":"<p>Lingg Sicherheitsdienst \u2013 \u00fcber uns: Wir, das Team von Lingg Sicherheitsdienst, bieten Ihnen ma\u00dfgeschneiderte L\u00f6sungen f\u00fcr Ihr individuelles Sicherheitsbed\u00fcrfnis. Dank unserer hohen branchenspezifischen Kompetenz, die auf jahrzehntelanger Erfahrung und der hohen Professionalit\u00e4t unserer sorgf\u00e4ltig ausgew\u00e4hlten Mitarbeiter basiert, k\u00f6nnen wir unsere Kunden bestm\u00f6glich und allumfassend in folgenden anspruchsvollen Bereichen betreuen: Veranstaltungsschutz Stra\u00dfenaufsicht und Parkplatzbetreuung Kontrolldienste Gegr\u00fcndet [&hellip;]<\/p>\n","protected":false},"author":1,"featured_media":0,"parent":0,"menu_order":0,"comment_status":"closed","ping_status":"closed","template":"page-templates\/full-width-page.php","meta":{"footnotes":""},"class_list":["post-744","page","type-page","status-publish","hentry"],"_links":{"self":[{"href":"https:\/\/www.lingg-security.com\/index.php?rest_route=\/wp\/v2\/pages\/744","targetHints":{"allow":["GET"]}}],"collection":[{"href":"https:\/\/www.lingg-security.com\/index.php?rest_route=\/wp\/v2\/pages"}],"about":[{"href":"https:\/\/www.lingg-security.com\/index.php?rest_route=\/wp\/v2\/types\/page"}],"author":[{"embeddable":true,"href":"https:\/\/www.lingg-security.com\/index.php?rest_route=\/wp\/v2\/users\/1"}],"replies":[{"embeddable":true,"href":"https:\/\/www.lingg-security.com\/index.php?rest_route=%2Fwp%2Fv2%2Fcomments&post=744"}],"version-history":[{"count":20,"href":"https:\/\/www.lingg-security.com\/index.php?rest_route=\/wp\/v2\/pages\/744\/revisions"}],"predecessor-version":[{"id":2144,"href":"https:\/\/www.lingg-security.com\/index.php?rest_route=\/wp\/v2\/pages\/744\/revisions\/2144"}],"wp:attachment":[{"href":"https:\/\/www.lingg-security.com\/index.php?rest_route=%2Fwp%2Fv2%2Fmedia&parent=744"}],"curies":[{"name":"wp","href":"https:\/\/api.w.org\/{rel}","templated":true}]}}